{"id":4169,"date":"2024-09-30T15:08:34","date_gmt":"2024-09-30T20:08:34","guid":{"rendered":"https:\/\/horusautomation.com\/?page_id=4169"},"modified":"2024-09-30T15:09:43","modified_gmt":"2024-09-30T20:09:43","slug":"politica-de-garantias","status":"publish","type":"page","link":"http:\/\/horusautomation.com\/en\/politica-de-garantias\/","title":{"rendered":"Warranty policy"},"content":{"rendered":"<div data-elementor-type=\"wp-page\" data-elementor-id=\"4169\" class=\"elementor elementor-4169\" data-elementor-post-type=\"page\">\n\t\t\t\t<div class=\"elementor-element elementor-element-d2da8d2 e-flex e-con-boxed e-con e-parent\" data-id=\"d2da8d2\" data-element_type=\"container\" data-e-type=\"container\" data-settings=\"{&quot;background_background&quot;:&quot;gradient&quot;}\">\n\t\t\t\t\t<div class=\"e-con-inner\">\n\t\t\t\t<div class=\"elementor-element elementor-element-5373090 elementor-widget elementor-widget-heading\" data-id=\"5373090\" data-element_type=\"widget\" data-e-type=\"widget\" data-widget_type=\"heading.default\">\n\t\t\t\t<div class=\"elementor-widget-container\">\n\t\t\t\t\t<h1 class=\"elementor-heading-title elementor-size-default\">Warranty policy<\/h1>\t\t\t\t<\/div>\n\t\t\t\t<\/div>\n\t\t\t\t\t<\/div>\n\t\t\t\t<\/div>\n\t\t<div class=\"elementor-element elementor-element-8dbd098 e-flex e-con-boxed e-con e-parent\" data-id=\"8dbd098\" data-element_type=\"container\" data-e-type=\"container\" data-settings=\"{&quot;background_background&quot;:&quot;classic&quot;}\">\n\t\t\t\t\t<div class=\"e-con-inner\">\n\t\t\t\t<div class=\"elementor-element elementor-element-b1c9ebb elementor-widget elementor-widget-text-editor\" data-id=\"b1c9ebb\" data-element_type=\"widget\" data-e-type=\"widget\" data-widget_type=\"text-editor.default\">\n\t\t\t\t<div class=\"elementor-widget-container\">\n\t\t\t\t\t\t\t\t\t<p><strong>Warranty Policy<\/strong><\/p><p>MCA SYSTEMS S.A.S garantiza que sus productos cuentan con las condiciones de calidad, idoneidad, seguridad y buen funcionamiento, por ello, si su producto presenta problemas de funcionamiento o da\u00f1os podr\u00e1 contactarse con nosotros para recibir el soporte adecuado a su solicitud de garant\u00eda en los t\u00e9rminos que ser\u00e1n explicados a continuaci\u00f3n.<\/p><p><strong>Garant\u00eda legal de los dispositivos.<\/strong><\/p><p>MCA SYSTEMS S.A.S provee garant\u00eda limitada para cualquier producto que haga parte de su sistema por un per\u00edodo de un (1) a\u00f1o contado a partir de la compra, conforme a la fecha inscrita en la factura de compra del producto. Por ello, para hacer efectiva la garant\u00eda debe presentar la factura de compra de los dispositivos sobre los cuales se pretende acceder a la garant\u00eda. MCA SYSTEMS S.A.S se reserva el derecho de rechazar los servicios de garant\u00eda si la informaci\u00f3n de la factura original ha sido eliminada o cambiada.<\/p><p>Todas las solicitudes de garant\u00eda deben cumplir las siguientes condiciones:<\/p><p>La garant\u00eda cubre el producto mientras los da\u00f1os sean causados por defectos de f\u00e1brica y esto conlleve a no funcionar o a un mal funcionamiento, frente a las capacidades y especificaciones del producto, siempre y cuando el producto haya sido instalado y usado bajo las condiciones normales para las cuales fue dise\u00f1ado.<\/p><p>MCA SYSTEMS S.A.S ofrece una garant\u00eda de un producto siempre y cuando se cumplan todas las condiciones, restricciones y par\u00e1metros de instalaci\u00f3n y uso que est\u00e1n definidas en el manual de instalaci\u00f3n incluido en la caja del producto adquirido.<\/p><p>La garant\u00eda de productos no aplica cuando:<\/p><ol><li>El equipo presente maltrato, da\u00f1os ocasionados por cat\u00e1strofes naturales o uso distinto al indicado en el manual de instalaci\u00f3n.<\/li><li>Presente da\u00f1os causados por fluctuaciones de voltaje de la energ\u00eda el\u00e9ctrica o descargas el\u00e9ctricas atmosf\u00e9ricas.<\/li><li>Da\u00f1os ocasionados por ingreso o contacto con l\u00edquidos.<\/li><li>El producto haya sido abierto o manipulado por personal no autorizado por la marca.<\/li><li>Se atente contra cualquiera de los sellos o etiquetas del producto original.<\/li><li>Son da\u00f1os ocasionados por la adaptaci\u00f3n e instalaci\u00f3n de piezas o accesorios no genuinos, no autorizados por la marca.<\/li><li>Son da\u00f1os ocasionados por animales.<\/li><li>Son da\u00f1os ocasionados por la falta de cuidado con el producto o factores ajenos (oxidaci\u00f3n, decoloraci\u00f3n, ralladuras, exceso de polvo, golpes, rupturas).<\/li><li>Los componentes presenten da\u00f1os ocasionados por contacto con \u00e1cidos corrosivos u otros productos qu\u00edmicos; por uso de las pilas no prescritas por la marca.<\/li><li>El producto no presente n\u00famero de serie de la fabricaci\u00f3n o \u00e9ste se encuentre alterado.<\/li><\/ol><p>Esta garant\u00eda no cubre robo del producto y solo podr\u00e1 ser solicitada por el comprador original. Esta garant\u00eda es exclusiva para la rep\u00fablica de Colombia.<\/p><p>Las solicitudes de garant\u00eda ser\u00e1n tramitadas conforme el siguiente procedimiento:<\/p><p>El Departamento de Soporte T\u00e9cnico dar\u00e1 respuesta a las solicitudes de garant\u00eda en el t\u00e9rmino de (7) siete d\u00edas h\u00e1biles contados desde el momento en el que se reciben los dispositivos en nuestras oficinas ubicadas en la ciudad de Barranquilla. En caso que la respuesta sea positiva, se determinar\u00e1 si se proceder\u00e1 con la reparaci\u00f3n o reposici\u00f3n de los dispositivos.<\/p><p>En caso de reparaci\u00f3n, esta se realizar\u00e1 dentro de los (30) treinta d\u00edas h\u00e1biles siguientes, contados a partir del d\u00eda siguiente a la recepci\u00f3n del bien.\u00a0 Si no se cuentan con repuestos o unidades en bodega del mismo tipo y calidad se conciliar\u00e1 con el cliente para entregar un producto similar del que se tengan existencias o en \u00faltimo caso se acreditar\u00e1 al cliente el valor para su uso en otro art\u00edculo que desee, as\u00ed mismo se proceder\u00e1 en los casos en los que despu\u00e9s de haber reparado un dispositivos persistan las fallas.<\/p><p>En el caso en que se deba reponer el bien por otro igual o de caracter\u00edsticas similares, debido a que este no admite reparaci\u00f3n, se proceder\u00e1 a su reposici\u00f3n dentro de los (10) diez d\u00edas h\u00e1biles siguientes, despu\u00e9s de la recepci\u00f3n del producto. Los t\u00e9rminos anteriores podr\u00e1n variar de acuerdo a la disponibilidad de los repuestos y dispositivos en nuestra bodega, sin embargo, de presentarse tal evento, el mismo ser\u00e1 notificado al cliente. Por ello, el costo del retiro del producto ser\u00e1 asumido por el cliente en el caso que la falla del producto sea atribuible al mal manejo del mismo.<\/p><p><strong>Garant\u00eda suplementaria<\/strong><\/p><p>Adem\u00e1s de la garant\u00eda legal antes descrita, MCA SYSTEMS S.A.S concede a sus clientes una garant\u00eda suplementaria. La garant\u00eda suplementaria ser\u00e1 concedida a los clientes por el per\u00edodo de (3) tres a\u00f1os contados a partir de la fecha inscrita en la factura de compra del producto. Por ello, para hacer efectiva esta garant\u00eda debe presentar la factura de compra de los dispositivos sobre los cuales se pretende hacerla valer. MCA SYSTEMS S.A.S se reserva el derecho de rechazar los servicios de garant\u00eda si la informaci\u00f3n de la factura original ha sido eliminada o cambiada. La garant\u00eda suplementaria solo ser\u00e1 valida para Colombia.<\/p><p>Esta garant\u00eda solo aplicar\u00e1 respecto de los dispositivos que presenten alguna falla que est\u00e9 expresamente excluida de la garant\u00eda legal, as\u00ed mismo, solo aplicar\u00e1 sobre ciertos dispositivos determinados por MCA SYSTEMS S.A.S. La garant\u00eda consta de la reposici\u00f3n del equipo por uno nuevo a cambio de la entrega del equipo que presente inconvenientes y el pago del valor indicado, el cual ser\u00e1 determinado por MCA SYSTEMS S.A.S bajo un precio especial establecido en la lista de precios de garant\u00eda suplementaria.<\/p><p>Las solicitudes de garant\u00eda ser\u00e1n tramitadas conforme el siguiente procedimiento:<\/p><p>El dispositivo que presente fallas deber\u00e1 ser enviado a nuestras oficinas en la ciudad de Barranquilla con la finalidad que el Departamento de Soporte T\u00e9cnico lo revis\u00e9 y determine que tipo de garant\u00eda procede, en caso de ser la garant\u00eda suplementaria, el cliente deber\u00e1 cancelar el valor determinado para ese dispositivo, posterior a ello, MCA SYSTEMS S.A.S contar\u00e1 con 3 d\u00edas h\u00e1biles para realizar la reposici\u00f3n y enviar el dispositivo de vuelta al cliente.<\/p>\t\t\t\t\t\t\t\t<\/div>\n\t\t\t\t<\/div>\n\t\t\t\t\t<\/div>\n\t\t\t\t<\/div>\n\t\t<div class=\"elementor-element elementor-element-76e56a62 e-con-full e-flex e-con e-parent\" data-id=\"76e56a62\" data-element_type=\"container\" data-e-type=\"container\" data-settings=\"{&quot;position&quot;:&quot;fixed&quot;}\">\n\t\t\t\t<div class=\"elementor-element elementor-element-2b462ad2 elementor-view-stacked elementor-shape-circle elementor-widget elementor-widget-global elementor-global-3000 elementor-widget-icon\" data-id=\"2b462ad2\" data-element_type=\"widget\" data-e-type=\"widget\" data-widget_type=\"icon.default\">\n\t\t\t\t<div class=\"elementor-widget-container\">\n\t\t\t\t\t\t\t<div class=\"elementor-icon-wrapper\">\n\t\t\t<a class=\"elementor-icon elementor-animation-grow\" href=\"#elementor-action%3Aaction%3Dpopup%3Aopen%26settings%3DeyJpZCI6IjEwODAiLCJ0b2dnbGUiOmZhbHNlfQ%3D%3D\">\n\t\t\t<svg aria-hidden=\"true\" class=\"e-font-icon-svg e-fab-whatsapp\" viewbox=\"0 0 448 512\" xmlns=\"http:\/\/www.w3.org\/2000\/svg\"><path d=\"M380.9 97.1C339 55.1 283.2 32 223.9 32c-122.4 0-222 99.6-222 222 0 39.1 10.2 77.3 29.6 111L0 480l117.7-30.9c32.4 17.7 68.9 27 106.1 27h.1c122.3 0 224.1-99.6 224.1-222 0-59.3-25.2-115-67.1-157zm-157 341.6c-33.2 0-65.7-8.9-94-25.7l-6.7-4-69.8 18.3L72 359.2l-4.4-7c-18.5-29.4-28.2-63.3-28.2-98.2 0-101.7 82.8-184.5 184.6-184.5 49.3 0 95.6 19.2 130.4 54.1 34.8 34.9 56.2 81.2 56.1 130.5 0 101.8-84.9 184.6-186.6 184.6zm101.2-138.2c-5.5-2.8-32.8-16.2-37.9-18-5.1-1.9-8.8-2.8-12.5 2.8-3.7 5.6-14.3 18-17.6 21.8-3.2 3.7-6.5 4.2-12 1.4-32.6-16.3-54-29.1-75.5-66-5.7-9.8 5.7-9.1 16.3-30.3 1.8-3.7.9-6.9-.5-9.7-1.4-2.8-12.5-30.1-17.1-41.2-4.5-10.8-9.1-9.3-12.5-9.5-3.2-.2-6.9-.2-10.6-.2-3.7 0-9.7 1.4-14.8 6.9-5.1 5.6-19.4 19-19.4 46.3 0 27.3 19.9 53.7 22.6 57.4 2.8 3.7 39.1 59.7 94.8 83.8 35.2 15.2 49 16.5 66.6 13.9 10.7-1.6 32.8-13.4 37.4-26.4 4.6-13 4.6-24.1 3.2-26.4-1.3-2.5-5-3.9-10.5-6.6z\"><\/path><\/svg>\t\t\t<\/a>\n\t\t<\/div>\n\t\t\t\t\t\t<\/div>\n\t\t\t\t<\/div>\n\t\t\t\t<\/div>\n\t\t\t\t<\/div>","protected":false},"excerpt":{"rendered":"<p>Pol\u00edtica de garant\u00edas Pol\u00edtica de Garant\u00edas MCA SYSTEMS S.A.S garantiza que sus productos cuentan con las condiciones de calidad, idoneidad, seguridad y buen funcionamiento, por ello, si su producto presenta problemas de funcionamiento o da\u00f1os podr\u00e1 contactarse con nosotros para recibir el soporte adecuado a su solicitud de garant\u00eda en los t\u00e9rminos que ser\u00e1n explicados [&hellip;]<\/p>\n","protected":false},"author":1,"featured_media":0,"parent":0,"menu_order":0,"comment_status":"closed","ping_status":"closed","template":"","meta":{"_acf_changed":false,"_eb_attr":"","_monsterinsights_skip_tracking":false,"_monsterinsights_sitenote_active":false,"_monsterinsights_sitenote_note":"","_monsterinsights_sitenote_category":0,"footnotes":""},"class_list":["post-4169","page","type-page","status-publish","hentry"],"acf":[],"yoast_head":"<!-- This site is optimized with the Yoast SEO plugin v27.1.1 - https:\/\/yoast.com\/product\/yoast-seo-wordpress\/ -->\n<title>Pol\u00edtica de garant\u00edas - Horus<\/title>\n<meta name=\"robots\" content=\"index, follow, max-snippet:-1, max-image-preview:large, max-video-preview:-1\" \/>\n<link rel=\"canonical\" href=\"https:\/\/horusautomation.com\/en\/politica-de-garantias\/\" \/>\n<meta property=\"og:locale\" content=\"en_US\" \/>\n<meta property=\"og:type\" content=\"article\" \/>\n<meta property=\"og:title\" content=\"Pol\u00edtica de garant\u00edas - Horus\" \/>\n<meta property=\"og:description\" content=\"Pol\u00edtica de garant\u00edas Pol\u00edtica de Garant\u00edas MCA SYSTEMS S.A.S garantiza que sus productos cuentan con las condiciones de calidad, idoneidad, seguridad y buen funcionamiento, por ello, si su producto presenta problemas de funcionamiento o da\u00f1os podr\u00e1 contactarse con nosotros para recibir el soporte adecuado a su solicitud de garant\u00eda en los t\u00e9rminos que ser\u00e1n explicados [&hellip;]\" \/>\n<meta property=\"og:url\" content=\"https:\/\/horusautomation.com\/en\/politica-de-garantias\/\" \/>\n<meta property=\"og:site_name\" content=\"Horus\" \/>\n<meta property=\"article:modified_time\" content=\"2024-09-30T20:09:43+00:00\" \/>\n<meta property=\"og:image\" content=\"https:\/\/horusautomation.com\/wp-content\/uploads\/2024\/06\/Logos-09.png\" \/>\n\t<meta property=\"og:image:width\" content=\"2134\" \/>\n\t<meta property=\"og:image:height\" content=\"2135\" \/>\n\t<meta property=\"og:image:type\" content=\"image\/png\" \/>\n<meta name=\"twitter:card\" content=\"summary_large_image\" \/>\n<meta name=\"twitter:label1\" content=\"Est. reading time\" \/>\n\t<meta name=\"twitter:data1\" content=\"5 minutes\" \/>\n<script type=\"application\/ld+json\" class=\"yoast-schema-graph\">{\"@context\":\"https:\/\/schema.org\",\"@graph\":[{\"@type\":\"WebPage\",\"@id\":\"https:\/\/horusautomation.com\/politica-de-garantias\/\",\"url\":\"https:\/\/horusautomation.com\/politica-de-garantias\/\",\"name\":\"Pol\u00edtica de garant\u00edas - Horus\",\"isPartOf\":{\"@id\":\"https:\/\/horusautomation.com\/#website\"},\"datePublished\":\"2024-09-30T20:08:34+00:00\",\"dateModified\":\"2024-09-30T20:09:43+00:00\",\"breadcrumb\":{\"@id\":\"https:\/\/horusautomation.com\/politica-de-garantias\/#breadcrumb\"},\"inLanguage\":\"en-US\",\"potentialAction\":[{\"@type\":\"ReadAction\",\"target\":[\"https:\/\/horusautomation.com\/politica-de-garantias\/\"]}]},{\"@type\":\"BreadcrumbList\",\"@id\":\"https:\/\/horusautomation.com\/politica-de-garantias\/#breadcrumb\",\"itemListElement\":[{\"@type\":\"ListItem\",\"position\":1,\"name\":\"Portada\",\"item\":\"https:\/\/horusautomation.com\/en\/\"},{\"@type\":\"ListItem\",\"position\":2,\"name\":\"Pol\u00edtica de garant\u00edas\"}]},{\"@type\":\"WebSite\",\"@id\":\"https:\/\/horusautomation.com\/#website\",\"url\":\"https:\/\/horusautomation.com\/\",\"name\":\"Horus Automation\",\"description\":\"\",\"publisher\":{\"@id\":\"https:\/\/horusautomation.com\/#organization\"},\"potentialAction\":[{\"@type\":\"SearchAction\",\"target\":{\"@type\":\"EntryPoint\",\"urlTemplate\":\"https:\/\/horusautomation.com\/?s={search_term_string}\"},\"query-input\":{\"@type\":\"PropertyValueSpecification\",\"valueRequired\":true,\"valueName\":\"search_term_string\"}}],\"inLanguage\":\"en-US\"},{\"@type\":\"Organization\",\"@id\":\"https:\/\/horusautomation.com\/#organization\",\"name\":\"Horus\",\"url\":\"https:\/\/horusautomation.com\/\",\"logo\":{\"@type\":\"ImageObject\",\"inLanguage\":\"en-US\",\"@id\":\"https:\/\/horusautomation.com\/#\/schema\/logo\/image\/\",\"url\":\"https:\/\/horusautomation.com\/wp-content\/uploads\/2024\/06\/Logos-09.png\",\"contentUrl\":\"https:\/\/horusautomation.com\/wp-content\/uploads\/2024\/06\/Logos-09.png\",\"width\":2134,\"height\":2135,\"caption\":\"Horus\"},\"image\":{\"@id\":\"https:\/\/horusautomation.com\/#\/schema\/logo\/image\/\"},\"sameAs\":[\"https:\/\/www.linkedin.com\/company\/horusautomation\/\",\"https:\/\/www.instagram.com\/horus.automation\/?igsh=bWpnMTFkdWZtZnlp\"]}]}<\/script>\n<!-- \/ Yoast SEO plugin. -->","yoast_head_json":{"title":"Pol\u00edtica de garant\u00edas - Horus","robots":{"index":"index","follow":"follow","max-snippet":"max-snippet:-1","max-image-preview":"max-image-preview:large","max-video-preview":"max-video-preview:-1"},"canonical":"https:\/\/horusautomation.com\/en\/politica-de-garantias\/","og_locale":"en_US","og_type":"article","og_title":"Pol\u00edtica de garant\u00edas - Horus","og_description":"Pol\u00edtica de garant\u00edas Pol\u00edtica de Garant\u00edas MCA SYSTEMS S.A.S garantiza que sus productos cuentan con las condiciones de calidad, idoneidad, seguridad y buen funcionamiento, por ello, si su producto presenta problemas de funcionamiento o da\u00f1os podr\u00e1 contactarse con nosotros para recibir el soporte adecuado a su solicitud de garant\u00eda en los t\u00e9rminos que ser\u00e1n explicados [&hellip;]","og_url":"https:\/\/horusautomation.com\/en\/politica-de-garantias\/","og_site_name":"Horus","article_modified_time":"2024-09-30T20:09:43+00:00","og_image":[{"width":2134,"height":2135,"url":"https:\/\/horusautomation.com\/wp-content\/uploads\/2024\/06\/Logos-09.png","type":"image\/png"}],"twitter_card":"summary_large_image","twitter_misc":{"Est. reading time":"5 minutes"},"schema":{"@context":"https:\/\/schema.org","@graph":[{"@type":"WebPage","@id":"https:\/\/horusautomation.com\/politica-de-garantias\/","url":"https:\/\/horusautomation.com\/politica-de-garantias\/","name":"Pol\u00edtica de garant\u00edas - Horus","isPartOf":{"@id":"https:\/\/horusautomation.com\/#website"},"datePublished":"2024-09-30T20:08:34+00:00","dateModified":"2024-09-30T20:09:43+00:00","breadcrumb":{"@id":"https:\/\/horusautomation.com\/politica-de-garantias\/#breadcrumb"},"inLanguage":"en-US","potentialAction":[{"@type":"ReadAction","target":["https:\/\/horusautomation.com\/politica-de-garantias\/"]}]},{"@type":"BreadcrumbList","@id":"https:\/\/horusautomation.com\/politica-de-garantias\/#breadcrumb","itemListElement":[{"@type":"ListItem","position":1,"name":"Portada","item":"https:\/\/horusautomation.com\/en\/"},{"@type":"ListItem","position":2,"name":"Pol\u00edtica de garant\u00edas"}]},{"@type":"WebSite","@id":"https:\/\/horusautomation.com\/#website","url":"https:\/\/horusautomation.com\/","name":"Horus Automation","description":"","publisher":{"@id":"https:\/\/horusautomation.com\/#organization"},"potentialAction":[{"@type":"SearchAction","target":{"@type":"EntryPoint","urlTemplate":"https:\/\/horusautomation.com\/?s={search_term_string}"},"query-input":{"@type":"PropertyValueSpecification","valueRequired":true,"valueName":"search_term_string"}}],"inLanguage":"en-US"},{"@type":"Organization","@id":"https:\/\/horusautomation.com\/#organization","name":"Horus","url":"https:\/\/horusautomation.com\/","logo":{"@type":"ImageObject","inLanguage":"en-US","@id":"https:\/\/horusautomation.com\/#\/schema\/logo\/image\/","url":"https:\/\/horusautomation.com\/wp-content\/uploads\/2024\/06\/Logos-09.png","contentUrl":"https:\/\/horusautomation.com\/wp-content\/uploads\/2024\/06\/Logos-09.png","width":2134,"height":2135,"caption":"Horus"},"image":{"@id":"https:\/\/horusautomation.com\/#\/schema\/logo\/image\/"},"sameAs":["https:\/\/www.linkedin.com\/company\/horusautomation\/","https:\/\/www.instagram.com\/horus.automation\/?igsh=bWpnMTFkdWZtZnlp"]}]}},"_links":{"self":[{"href":"http:\/\/horusautomation.com\/en\/wp-json\/wp\/v2\/pages\/4169","targetHints":{"allow":["GET"]}}],"collection":[{"href":"http:\/\/horusautomation.com\/en\/wp-json\/wp\/v2\/pages"}],"about":[{"href":"http:\/\/horusautomation.com\/en\/wp-json\/wp\/v2\/types\/page"}],"author":[{"embeddable":true,"href":"http:\/\/horusautomation.com\/en\/wp-json\/wp\/v2\/users\/1"}],"replies":[{"embeddable":true,"href":"http:\/\/horusautomation.com\/en\/wp-json\/wp\/v2\/comments?post=4169"}],"version-history":[{"count":0,"href":"http:\/\/horusautomation.com\/en\/wp-json\/wp\/v2\/pages\/4169\/revisions"}],"wp:attachment":[{"href":"http:\/\/horusautomation.com\/en\/wp-json\/wp\/v2\/media?parent=4169"}],"curies":[{"name":"wp","href":"https:\/\/api.w.org\/{rel}","templated":true}]}}